{"id":14,"date":"2025-05-15T09:03:44","date_gmt":"2025-05-15T09:03:44","guid":{"rendered":"https:\/\/mcambients.rkinformatika.online\/?page_id=14"},"modified":"2025-06-09T10:37:34","modified_gmt":"2025-06-09T10:37:34","slug":"inici","status":"publish","type":"page","link":"https:\/\/mcambients.cat\/es\/","title":{"rendered":"Inicio"},"content":{"rendered":"<div data-elementor-type=\"wp-page\" data-elementor-id=\"14\" class=\"elementor elementor-14\" data-elementor-post-type=\"page\">\n\t\t\t\t<div class=\"elementor-element elementor-element-10a8b5a animated-slow e-flex e-con-boxed elementor-invisible e-con e-parent\" data-id=\"10a8b5a\" data-element_type=\"container\" data-e-type=\"container\" data-settings=\"{&quot;background_background&quot;:&quot;classic&quot;,&quot;animation&quot;:&quot;fadeIn&quot;,&quot;animation_delay&quot;:500}\">\n\t\t\t\t\t<div class=\"e-con-inner\">\n\t\t<div class=\"elementor-element elementor-element-d27069d e-con-full animated-slow e-flex elementor-invisible e-con e-child\" data-id=\"d27069d\" data-element_type=\"container\" data-e-type=\"container\" data-settings=\"{&quot;animation&quot;:&quot;fadeInLeft&quot;}\">\n\t\t<div class=\"elementor-element elementor-element-e3bdc9d e-con-full e-flex e-con e-child\" data-id=\"e3bdc9d\" data-element_type=\"container\" data-e-type=\"container\">\n\t\t\t\t<div class=\"elementor-element elementor-element-aa1c697 elementor-widget-tablet__width-initial elementor-widget-mobile__width-initial elementor-widget elementor-widget-heading\" data-id=\"aa1c697\" data-element_type=\"widget\" data-e-type=\"widget\" data-widget_type=\"heading.default\">\n\t\t\t\t<div class=\"elementor-widget-container\">\n\t\t\t\t\t<h1 class=\"elementor-heading-title elementor-size-default\">ELIGE CALIDAD CON MCAMBIENTS<\/h1>\t\t\t\t<\/div>\n\t\t\t\t<\/div>\n\t\t\t\t<div class=\"elementor-element elementor-element-f1c0b62 elementor-widget-tablet__width-initial elementor-widget-mobile__width-initial elementor-widget elementor-widget-heading\" data-id=\"f1c0b62\" data-element_type=\"widget\" data-e-type=\"widget\" data-widget_type=\"heading.default\">\n\t\t\t\t<div class=\"elementor-widget-container\">\n\t\t\t\t\t<h1 class=\"elementor-heading-title elementor-size-default\">DISSENY, FUNCIONALITAT I TRADICI\u00d3 EN CADA MOBLE<\/h1>\t\t\t\t<\/div>\n\t\t\t\t<\/div>\n\t\t\t\t<\/div>\n\t\t\t\t<\/div>\n\t\t\t\t\t<\/div>\n\t\t\t\t<\/div>\n\t\t<div class=\"elementor-element elementor-element-92b8f57 e-flex e-con-boxed e-con e-parent\" data-id=\"92b8f57\" data-element_type=\"container\" data-e-type=\"container\">\n\t\t\t\t\t<div class=\"e-con-inner\">\n\t\t<div class=\"elementor-element elementor-element-e5d736e e-con-full e-flex e-con e-child\" data-id=\"e5d736e\" data-element_type=\"container\" data-e-type=\"container\">\n\t\t<div class=\"elementor-element elementor-element-79d5449 e-con-full animated-slow e-flex elementor-invisible e-con e-child\" data-id=\"79d5449\" data-element_type=\"container\" data-e-type=\"container\" data-settings=\"{&quot;animation&quot;:&quot;fadeInUp&quot;}\">\n\t\t<div class=\"elementor-element elementor-element-a0aa327 e-con-full e-flex e-con e-child\" data-id=\"a0aa327\" data-element_type=\"container\" data-e-type=\"container\">\n\t\t<div class=\"elementor-element elementor-element-e489521 e-con-full e-flex e-con e-child\" data-id=\"e489521\" data-element_type=\"container\" data-e-type=\"container\">\n\t\t\t\t<div class=\"elementor-element elementor-element-57549eb elementor-widget elementor-widget-image\" data-id=\"57549eb\" data-element_type=\"widget\" data-e-type=\"widget\" data-widget_type=\"image.default\">\n\t\t\t\t<div class=\"elementor-widget-container\">\n\t\t\t\t\t\t\t\t\t\t\t\t\t\t\t<img fetchpriority=\"high\" decoding=\"async\" width=\"910\" height=\"710\" src=\"https:\/\/mcambients.cat\/wp-content\/uploads\/2025\/05\/mcambients-5-e1747318011103.png\" class=\"attachment-full size-full wp-image-165\" alt=\"\" srcset=\"https:\/\/mcambients.cat\/wp-content\/uploads\/2025\/05\/mcambients-5-e1747318011103.png 910w, https:\/\/mcambients.cat\/wp-content\/uploads\/2025\/05\/mcambients-5-e1747318011103-300x234.png 300w, https:\/\/mcambients.cat\/wp-content\/uploads\/2025\/05\/mcambients-5-e1747318011103-768x599.png 768w, https:\/\/mcambients.cat\/wp-content\/uploads\/2025\/05\/mcambients-5-e1747318011103-15x12.png 15w\" sizes=\"(max-width: 910px) 100vw, 910px\" \/>\t\t\t\t\t\t\t\t\t\t\t\t\t\t\t<\/div>\n\t\t\t\t<\/div>\n\t\t\t\t<\/div>\n\t\t\t\t<\/div>\n\t\t\t\t<\/div>\n\t\t<div class=\"elementor-element elementor-element-3844dc2 e-con-full animated-slow e-flex elementor-invisible e-con e-child\" data-id=\"3844dc2\" data-element_type=\"container\" data-e-type=\"container\" data-settings=\"{&quot;animation&quot;:&quot;fadeIn&quot;}\">\n\t\t\t\t<div class=\"elementor-element elementor-element-3501de0 elementor-widget__width-initial elementor-widget elementor-widget-text-editor\" data-id=\"3501de0\" data-element_type=\"widget\" data-e-type=\"widget\" data-widget_type=\"text-editor.default\">\n\t\t\t\t<div class=\"elementor-widget-container\">\n\t\t\t\t\t\t\t\t\t<p>Mcambients es una empresa familiar con m\u00e1s de 50 a\u00f1os de experiencia en el mundo de la ebanister\u00eda. Desde nuestros inicios, hemos mantenido el compromiso de ofrecer soluciones personalizadas, funcionales y est\u00e9ticamente impecables para todos los espacios del hogar.<\/p><p>Nuestra pasi\u00f3n por el trabajo bien hecho y el trato cercano con cada cliente nos ha permitido consolidarnos como un referente en la fabricaci\u00f3n de mesas, muebles a medida, cocinas y muebles de ba\u00f1o. Cada proyecto que realizamos refleja la dedicaci\u00f3n, el saber hacer y la atenci\u00f3n al detalle que caracterizan a nuestra empresa desde sus or\u00edgenes.<\/p><p>En Mcambients creemos que cada hogar es \u00fanico, y por eso dise\u00f1amos y fabricamos cada mueble adapt\u00e1ndonos a las necesidades y al estilo de quienes lo habitan. Trabajamos con materiales de calidad y aplicamos t\u00e9cnicas tradicionales junto con procesos innovadores para garantizar resultados duraderos y funcionales.<\/p>\t\t\t\t\t\t\t\t<\/div>\n\t\t\t\t<\/div>\n\t\t<div class=\"elementor-element elementor-element-72908ef e-con-full e-flex e-con e-child\" data-id=\"72908ef\" data-element_type=\"container\" data-e-type=\"container\">\n\t\t\t\t<div class=\"elementor-element elementor-element-40c8ba0 elementor-widget-tablet__width-initial elementor-widget-mobile__width-initial elementor-widget elementor-widget-heading\" data-id=\"40c8ba0\" data-element_type=\"widget\" data-e-type=\"widget\" data-settings=\"{&quot;_animation&quot;:&quot;none&quot;}\" data-widget_type=\"heading.default\">\n\t\t\t\t<div class=\"elementor-widget-container\">\n\t\t\t\t\t<h2 class=\"elementor-heading-title elementor-size-default\">\u00bfQUI\u00c9NES SOMOS?<\/h2>\t\t\t\t<\/div>\n\t\t\t\t<\/div>\n\t\t\t\t<\/div>\n\t\t\t\t<\/div>\n\t\t\t\t<\/div>\n\t\t\t\t\t<\/div>\n\t\t\t\t<\/div>\n\t\t<div class=\"elementor-element elementor-element-18d18ea e-flex e-con-boxed e-con e-parent\" data-id=\"18d18ea\" data-element_type=\"container\" data-e-type=\"container\" data-settings=\"{&quot;background_background&quot;:&quot;classic&quot;}\">\n\t\t\t\t\t<div class=\"e-con-inner\">\n\t\t<div class=\"elementor-element elementor-element-0a87bf3 e-con-full animated-slow e-flex elementor-invisible e-con e-child\" data-id=\"0a87bf3\" data-element_type=\"container\" data-e-type=\"container\" data-settings=\"{&quot;animation&quot;:&quot;fadeInDown&quot;}\">\n\t\t\t\t<div class=\"elementor-element elementor-element-4973216 elementor-widget-tablet__width-initial elementor-widget-mobile__width-initial elementor-invisible elementor-widget elementor-widget-heading\" data-id=\"4973216\" data-element_type=\"widget\" data-e-type=\"widget\" data-settings=\"{&quot;_animation&quot;:&quot;fadeInDown&quot;}\" data-widget_type=\"heading.default\">\n\t\t\t\t<div class=\"elementor-widget-container\">\n\t\t\t\t\t<h1 class=\"elementor-heading-title elementor-size-default\">TRANSFORMAMOS TU ESPACIO<\/h1>\t\t\t\t<\/div>\n\t\t\t\t<\/div>\n\t\t\t\t<div class=\"elementor-element elementor-element-9f5b5ec elementor-widget-tablet__width-initial elementor-invisible elementor-widget elementor-widget-heading\" data-id=\"9f5b5ec\" data-element_type=\"widget\" data-e-type=\"widget\" data-settings=\"{&quot;_animation&quot;:&quot;fadeInDown&quot;}\" data-widget_type=\"heading.default\">\n\t\t\t\t<div class=\"elementor-widget-container\">\n\t\t\t\t\t<h1 class=\"elementor-heading-title elementor-size-default\">EXPLORA NUESTRAS SOLUCIONES PARA TU HOGAR<\/h1>\t\t\t\t<\/div>\n\t\t\t\t<\/div>\n\t\t\t\t<div class=\"elementor-element elementor-element-d8ace4d animated-slow elementor-invisible elementor-widget elementor-widget-button\" data-id=\"d8ace4d\" data-element_type=\"widget\" data-e-type=\"widget\" data-settings=\"{&quot;_animation&quot;:&quot;fadeInUp&quot;,&quot;_animation_delay&quot;:1000}\" data-widget_type=\"button.default\">\n\t\t\t\t<div class=\"elementor-widget-container\">\n\t\t\t\t\t\t\t\t\t<div class=\"elementor-button-wrapper\">\n\t\t\t\t\t<a class=\"elementor-button elementor-button-link elementor-size-sm\" href=\"https:\/\/mcambients.cat\/es\/serveis\/\">\n\t\t\t\t\t\t<span class=\"elementor-button-content-wrapper\">\n\t\t\t\t\t\t\t\t\t<span class=\"elementor-button-text\">Servicios<\/span>\n\t\t\t\t\t<\/span>\n\t\t\t\t\t<\/a>\n\t\t\t\t<\/div>\n\t\t\t\t\t\t\t\t<\/div>\n\t\t\t\t<\/div>\n\t\t\t\t<\/div>\n\t\t\t\t\t<\/div>\n\t\t\t\t<\/div>\n\t\t\t\t<\/div>","protected":false},"excerpt":{"rendered":"<p>TRIA QUALITAT AMB MCAMBIENTS DISSENY, FUNCIONALITAT I TRADICI\u00d3 EN CADA MOBLE Mcambients \u00e9s una empresa familiar amb m\u00e9s de 50 anys d\u2019experi\u00e8ncia en el m\u00f3n de l\u2019ebenisteria. Des dels nostres inicis, hem mantingut el\u00a0 comprom\u00eds d\u2019oferir solucions personalitzades, funcionals i est\u00e8ticament impecables per a tots els espais de la llar. La nostra passi\u00f3 per la [&hellip;]<\/p>\n","protected":false},"author":1,"featured_media":0,"parent":0,"menu_order":0,"comment_status":"closed","ping_status":"closed","template":"elementor_canvas","meta":{"footnotes":""},"class_list":["post-14","page","type-page","status-publish","hentry"],"yoast_head":"<!-- This site is optimized with the Yoast SEO plugin v27.3 - https:\/\/yoast.com\/product\/yoast-seo-wordpress\/ -->\n<title>Inici - MC Ambients<\/title>\n<meta name=\"robots\" content=\"index, follow, max-snippet:-1, max-image-preview:large, max-video-preview:-1\" \/>\n<link rel=\"canonical\" href=\"https:\/\/mcambients.cat\/es\/\" \/>\n<meta property=\"og:locale\" content=\"es_ES\" \/>\n<meta property=\"og:type\" content=\"article\" \/>\n<meta property=\"og:title\" content=\"Inici - MC Ambients\" \/>\n<meta property=\"og:description\" content=\"TRIA QUALITAT AMB MCAMBIENTS DISSENY, FUNCIONALITAT I TRADICI\u00d3 EN CADA MOBLE Mcambients \u00e9s una empresa familiar amb m\u00e9s de 50 anys d\u2019experi\u00e8ncia en el m\u00f3n de l\u2019ebenisteria. Des dels nostres inicis, hem mantingut el\u00a0 comprom\u00eds d\u2019oferir solucions personalitzades, funcionals i est\u00e8ticament impecables per a tots els espais de la llar. La nostra passi\u00f3 per la [&hellip;]\" \/>\n<meta property=\"og:url\" content=\"https:\/\/mcambients.cat\/es\/\" \/>\n<meta property=\"og:site_name\" content=\"MC Ambients\" \/>\n<meta property=\"article:modified_time\" content=\"2025-06-09T10:37:34+00:00\" \/>\n<meta property=\"og:image\" content=\"https:\/\/mcambients.cat\/wp-content\/uploads\/2025\/05\/mcambients-5-e1747318011103.png\" \/>\n<meta name=\"twitter:card\" content=\"summary_large_image\" \/>\n<meta name=\"twitter:label1\" content=\"Tiempo de lectura\" \/>\n\t<meta name=\"twitter:data1\" content=\"1 minuto\" \/>\n<script type=\"application\/ld+json\" class=\"yoast-schema-graph\">{\"@context\":\"https:\\\/\\\/schema.org\",\"@graph\":[{\"@type\":\"WebPage\",\"@id\":\"https:\\\/\\\/mcambients.cat\\\/\",\"url\":\"https:\\\/\\\/mcambients.cat\\\/\",\"name\":\"Inici - MC Ambients\",\"isPartOf\":{\"@id\":\"https:\\\/\\\/mcambients.cat\\\/#website\"},\"primaryImageOfPage\":{\"@id\":\"https:\\\/\\\/mcambients.cat\\\/#primaryimage\"},\"image\":{\"@id\":\"https:\\\/\\\/mcambients.cat\\\/#primaryimage\"},\"thumbnailUrl\":\"https:\\\/\\\/mcambients.cat\\\/wp-content\\\/uploads\\\/2025\\\/05\\\/mcambients-5-e1747318011103.png\",\"datePublished\":\"2025-05-15T09:03:44+00:00\",\"dateModified\":\"2025-06-09T10:37:34+00:00\",\"breadcrumb\":{\"@id\":\"https:\\\/\\\/mcambients.cat\\\/#breadcrumb\"},\"inLanguage\":\"es\",\"potentialAction\":[{\"@type\":\"ReadAction\",\"target\":[\"https:\\\/\\\/mcambients.cat\\\/\"]}]},{\"@type\":\"ImageObject\",\"inLanguage\":\"es\",\"@id\":\"https:\\\/\\\/mcambients.cat\\\/#primaryimage\",\"url\":\"https:\\\/\\\/mcambients.cat\\\/wp-content\\\/uploads\\\/2025\\\/05\\\/mcambients-5-e1747318011103.png\",\"contentUrl\":\"https:\\\/\\\/mcambients.cat\\\/wp-content\\\/uploads\\\/2025\\\/05\\\/mcambients-5-e1747318011103.png\"},{\"@type\":\"BreadcrumbList\",\"@id\":\"https:\\\/\\\/mcambients.cat\\\/#breadcrumb\",\"itemListElement\":[{\"@type\":\"ListItem\",\"position\":1,\"name\":\"Portada\",\"item\":\"https:\\\/\\\/mcambients.cat\\\/\"},{\"@type\":\"ListItem\",\"position\":2,\"name\":\"Inici\"}]},{\"@type\":\"WebSite\",\"@id\":\"https:\\\/\\\/mcambients.cat\\\/#website\",\"url\":\"https:\\\/\\\/mcambients.cat\\\/\",\"name\":\"MC Ambients\",\"description\":\"Somos una empresa familiar de m\u00e1s de 50 a\u00f1os especializada  en la fabricaci\u00f3n de mesas, muebles a medida y cocinas.\",\"publisher\":{\"@id\":\"https:\\\/\\\/mcambients.cat\\\/#organization\"},\"potentialAction\":[{\"@type\":\"SearchAction\",\"target\":{\"@type\":\"EntryPoint\",\"urlTemplate\":\"https:\\\/\\\/mcambients.cat\\\/?s={search_term_string}\"},\"query-input\":{\"@type\":\"PropertyValueSpecification\",\"valueRequired\":true,\"valueName\":\"search_term_string\"}}],\"inLanguage\":\"es\"},{\"@type\":\"Organization\",\"@id\":\"https:\\\/\\\/mcambients.cat\\\/#organization\",\"name\":\"MC Ambients\",\"url\":\"https:\\\/\\\/mcambients.cat\\\/\",\"logo\":{\"@type\":\"ImageObject\",\"inLanguage\":\"es\",\"@id\":\"https:\\\/\\\/mcambients.cat\\\/#\\\/schema\\\/logo\\\/image\\\/\",\"url\":\"https:\\\/\\\/mcambients.cat\\\/wp-content\\\/uploads\\\/2025\\\/05\\\/cropped-mcambients-e1747301189649.png\",\"contentUrl\":\"https:\\\/\\\/mcambients.cat\\\/wp-content\\\/uploads\\\/2025\\\/05\\\/cropped-mcambients-e1747301189649.png\",\"width\":1750,\"height\":438,\"caption\":\"MC Ambients\"},\"image\":{\"@id\":\"https:\\\/\\\/mcambients.cat\\\/#\\\/schema\\\/logo\\\/image\\\/\"}}]}<\/script>\n<!-- \/ Yoast SEO plugin. -->","yoast_head_json":{"title":"Inici - MC Ambients","robots":{"index":"index","follow":"follow","max-snippet":"max-snippet:-1","max-image-preview":"max-image-preview:large","max-video-preview":"max-video-preview:-1"},"canonical":"https:\/\/mcambients.cat\/es\/","og_locale":"es_ES","og_type":"article","og_title":"Inici - MC Ambients","og_description":"TRIA QUALITAT AMB MCAMBIENTS DISSENY, FUNCIONALITAT I TRADICI\u00d3 EN CADA MOBLE Mcambients \u00e9s una empresa familiar amb m\u00e9s de 50 anys d\u2019experi\u00e8ncia en el m\u00f3n de l\u2019ebenisteria. Des dels nostres inicis, hem mantingut el\u00a0 comprom\u00eds d\u2019oferir solucions personalitzades, funcionals i est\u00e8ticament impecables per a tots els espais de la llar. La nostra passi\u00f3 per la [&hellip;]","og_url":"https:\/\/mcambients.cat\/es\/","og_site_name":"MC Ambients","article_modified_time":"2025-06-09T10:37:34+00:00","og_image":[{"url":"https:\/\/mcambients.cat\/wp-content\/uploads\/2025\/05\/mcambients-5-e1747318011103.png","type":"","width":"","height":""}],"twitter_card":"summary_large_image","twitter_misc":{"Tiempo de lectura":"1 minuto"},"schema":{"@context":"https:\/\/schema.org","@graph":[{"@type":"WebPage","@id":"https:\/\/mcambients.cat\/","url":"https:\/\/mcambients.cat\/","name":"Inici - MC Ambients","isPartOf":{"@id":"https:\/\/mcambients.cat\/#website"},"primaryImageOfPage":{"@id":"https:\/\/mcambients.cat\/#primaryimage"},"image":{"@id":"https:\/\/mcambients.cat\/#primaryimage"},"thumbnailUrl":"https:\/\/mcambients.cat\/wp-content\/uploads\/2025\/05\/mcambients-5-e1747318011103.png","datePublished":"2025-05-15T09:03:44+00:00","dateModified":"2025-06-09T10:37:34+00:00","breadcrumb":{"@id":"https:\/\/mcambients.cat\/#breadcrumb"},"inLanguage":"es","potentialAction":[{"@type":"ReadAction","target":["https:\/\/mcambients.cat\/"]}]},{"@type":"ImageObject","inLanguage":"es","@id":"https:\/\/mcambients.cat\/#primaryimage","url":"https:\/\/mcambients.cat\/wp-content\/uploads\/2025\/05\/mcambients-5-e1747318011103.png","contentUrl":"https:\/\/mcambients.cat\/wp-content\/uploads\/2025\/05\/mcambients-5-e1747318011103.png"},{"@type":"BreadcrumbList","@id":"https:\/\/mcambients.cat\/#breadcrumb","itemListElement":[{"@type":"ListItem","position":1,"name":"Portada","item":"https:\/\/mcambients.cat\/"},{"@type":"ListItem","position":2,"name":"Inici"}]},{"@type":"WebSite","@id":"https:\/\/mcambients.cat\/#website","url":"https:\/\/mcambients.cat\/","name":"MC Ambients","description":"Somos una empresa familiar de m\u00e1s de 50 a\u00f1os especializada  en la fabricaci\u00f3n de mesas, muebles a medida y cocinas.","publisher":{"@id":"https:\/\/mcambients.cat\/#organization"},"potentialAction":[{"@type":"SearchAction","target":{"@type":"EntryPoint","urlTemplate":"https:\/\/mcambients.cat\/?s={search_term_string}"},"query-input":{"@type":"PropertyValueSpecification","valueRequired":true,"valueName":"search_term_string"}}],"inLanguage":"es"},{"@type":"Organization","@id":"https:\/\/mcambients.cat\/#organization","name":"MC Ambients","url":"https:\/\/mcambients.cat\/","logo":{"@type":"ImageObject","inLanguage":"es","@id":"https:\/\/mcambients.cat\/#\/schema\/logo\/image\/","url":"https:\/\/mcambients.cat\/wp-content\/uploads\/2025\/05\/cropped-mcambients-e1747301189649.png","contentUrl":"https:\/\/mcambients.cat\/wp-content\/uploads\/2025\/05\/cropped-mcambients-e1747301189649.png","width":1750,"height":438,"caption":"MC Ambients"},"image":{"@id":"https:\/\/mcambients.cat\/#\/schema\/logo\/image\/"}}]}},"_links":{"self":[{"href":"https:\/\/mcambients.cat\/es\/wp-json\/wp\/v2\/pages\/14","targetHints":{"allow":["GET"]}}],"collection":[{"href":"https:\/\/mcambients.cat\/es\/wp-json\/wp\/v2\/pages"}],"about":[{"href":"https:\/\/mcambients.cat\/es\/wp-json\/wp\/v2\/types\/page"}],"author":[{"embeddable":true,"href":"https:\/\/mcambients.cat\/es\/wp-json\/wp\/v2\/users\/1"}],"replies":[{"embeddable":true,"href":"https:\/\/mcambients.cat\/es\/wp-json\/wp\/v2\/comments?post=14"}],"version-history":[{"count":190,"href":"https:\/\/mcambients.cat\/es\/wp-json\/wp\/v2\/pages\/14\/revisions"}],"predecessor-version":[{"id":658,"href":"https:\/\/mcambients.cat\/es\/wp-json\/wp\/v2\/pages\/14\/revisions\/658"}],"wp:attachment":[{"href":"https:\/\/mcambients.cat\/es\/wp-json\/wp\/v2\/media?parent=14"}],"curies":[{"name":"wp","href":"https:\/\/api.w.org\/{rel}","templated":true}]}}